{"id":31,"date":"2020-07-06T19:34:53","date_gmt":"2020-07-06T17:34:53","guid":{"rendered":"http:\/\/cannier-truffes.fr\/cms\/?page_id=25"},"modified":"2024-01-08T14:10:36","modified_gmt":"2024-01-08T13:10:36","slug":"journee-truffes","status":"publish","type":"page","link":"https:\/\/www.cannier-truffes.fr\/?page_id=31","title":{"rendered":"Journ\u00e9e truffe"},"content":{"rendered":"\t\t<div data-elementor-type=\"wp-page\" data-elementor-id=\"31\" class=\"elementor elementor-31\">\n\t\t\t\t\t\t<section class=\"elementor-section elementor-top-section elementor-element elementor-element-182c4c8a elementor-section-boxed elementor-section-height-default elementor-section-height-default\" data-id=\"182c4c8a\" data-element_type=\"section\">\n\t\t\t\t\t\t<div class=\"elementor-container elementor-column-gap-default\">\n\t\t\t\t\t<div class=\"elementor-column elementor-col-100 elementor-top-column elementor-element elementor-element-1e522e48\" data-id=\"1e522e48\" data-element_type=\"column\">\n\t\t\t<div class=\"elementor-widget-wrap elementor-element-populated\">\n\t\t\t\t\t\t<div class=\"elementor-element elementor-element-d87394f elementor-widget elementor-widget-text-editor\" data-id=\"d87394f\" data-element_type=\"widget\" data-widget_type=\"text-editor.default\">\n\t\t\t\t<div class=\"elementor-widget-container\">\n\t\t\t\t\t\t\t<p><span style=\"color: #000000;\"><!-- wp:paragraph --><\/span><\/p>\n<p><span style=\"color: #000000;\">Afin de vous permettre de d\u00e9couvrir les tr\u00e9sors du Diamant noir nous vous accueillons sur le Domaine pour vous initier aux myst\u00e8res de la truffe.<\/span><\/p>\n<p><span style=\"color: #000000;\"><!-- \/wp:paragraph --><!-- wp:paragraph --><\/span><\/p>\n<p><span style=\"color: #000000;\">Nous vous proposons plusieurs formules au choix<\/span><\/p>\n<p><span style=\"color: #000000;\"><!-- \/wp:paragraph --><\/span><\/p>\t\t\t\t\t\t<\/div>\n\t\t\t\t<\/div>\n\t\t\t\t\t<\/div>\n\t\t<\/div>\n\t\t\t\t\t<\/div>\n\t\t<\/section>\n\t\t\t\t<section class=\"elementor-section elementor-top-section elementor-element elementor-element-2d35392 elementor-section-boxed elementor-section-height-default elementor-section-height-default\" data-id=\"2d35392\" data-element_type=\"section\">\n\t\t\t\t\t\t<div class=\"elementor-container elementor-column-gap-default\">\n\t\t\t\t\t<div class=\"elementor-column elementor-col-100 elementor-top-column elementor-element elementor-element-a1db070\" data-id=\"a1db070\" data-element_type=\"column\">\n\t\t\t<div class=\"elementor-widget-wrap elementor-element-populated\">\n\t\t\t\t\t\t<div class=\"elementor-element elementor-element-0ec63b5 gallery-spacing-custom elementor-widget elementor-widget-image-gallery\" data-id=\"0ec63b5\" data-element_type=\"widget\" data-widget_type=\"image-gallery.default\">\n\t\t\t\t<div class=\"elementor-widget-container\">\n\t\t\t\t\t<div class=\"elementor-image-gallery\">\n\t\t\t<div id='gallery-1' class='gallery galleryid-31 gallery-columns-2 gallery-size-medium'><figure class='gallery-item'>\n\t\t\t<div class='gallery-icon landscape'>\n\t\t\t\t<a data-elementor-open-lightbox=\"yes\" data-elementor-lightbox-slideshow=\"0ec63b5\" data-elementor-lightbox-title=\"P1000494-1024x768\" data-e-action-hash=\"#elementor-action%3Aaction%3Dlightbox%26settings%3DeyJpZCI6MjQ3LCJ1cmwiOiJodHRwczpcL1wvd3d3LmNhbm5pZXItdHJ1ZmZlcy5mclwvd3AtY29udGVudFwvdXBsb2Fkc1wvMjAyM1wvMTJcL1AxMDAwNDk0LTEwMjR4NzY4LTEuanBnIiwic2xpZGVzaG93IjoiMGVjNjNiNSJ9\" href='https:\/\/www.cannier-truffes.fr\/wp-content\/uploads\/2023\/12\/P1000494-1024x768-1.jpg'><img fetchpriority=\"high\" decoding=\"async\" width=\"300\" height=\"225\" src=\"https:\/\/www.cannier-truffes.fr\/wp-content\/uploads\/2023\/12\/P1000494-1024x768-1-300x225.jpg\" class=\"attachment-medium size-medium\" alt=\"\" srcset=\"https:\/\/www.cannier-truffes.fr\/wp-content\/uploads\/2023\/12\/P1000494-1024x768-1-300x225.jpg 300w, https:\/\/www.cannier-truffes.fr\/wp-content\/uploads\/2023\/12\/P1000494-1024x768-1-768x576.jpg 768w, https:\/\/www.cannier-truffes.fr\/wp-content\/uploads\/2023\/12\/P1000494-1024x768-1.jpg 1024w\" sizes=\"100vw\" \/><\/a>\n\t\t\t<\/div><\/figure><figure class='gallery-item'>\n\t\t\t<div class='gallery-icon landscape'>\n\t\t\t\t<a data-elementor-open-lightbox=\"yes\" data-elementor-lightbox-slideshow=\"0ec63b5\" data-elementor-lightbox-title=\"P1000594\" data-e-action-hash=\"#elementor-action%3Aaction%3Dlightbox%26settings%3DeyJpZCI6MjM3LCJ1cmwiOiJodHRwczpcL1wvd3d3LmNhbm5pZXItdHJ1ZmZlcy5mclwvd3AtY29udGVudFwvdXBsb2Fkc1wvMjAyM1wvMTJcL1AxMDAwNTk0LXNjYWxlZC5qcGciLCJzbGlkZXNob3ciOiIwZWM2M2I1In0%3D\" href='https:\/\/www.cannier-truffes.fr\/wp-content\/uploads\/2023\/12\/P1000594-scaled.jpg'><img decoding=\"async\" width=\"300\" height=\"225\" src=\"https:\/\/www.cannier-truffes.fr\/wp-content\/uploads\/2023\/12\/P1000594-300x225.jpg\" class=\"attachment-medium size-medium\" alt=\"\" srcset=\"https:\/\/www.cannier-truffes.fr\/wp-content\/uploads\/2023\/12\/P1000594-300x225.jpg 300w, https:\/\/www.cannier-truffes.fr\/wp-content\/uploads\/2023\/12\/P1000594-1024x768.jpg 1024w, https:\/\/www.cannier-truffes.fr\/wp-content\/uploads\/2023\/12\/P1000594-768x576.jpg 768w, https:\/\/www.cannier-truffes.fr\/wp-content\/uploads\/2023\/12\/P1000594-1536x1152.jpg 1536w, https:\/\/www.cannier-truffes.fr\/wp-content\/uploads\/2023\/12\/P1000594-2048x1536.jpg 2048w\" sizes=\"100vw\" \/><\/a>\n\t\t\t<\/div><\/figure>\n\t\t<\/div>\n\t\t<\/div>\n\t\t\t\t<\/div>\n\t\t\t\t<\/div>\n\t\t\t\t\t<\/div>\n\t\t<\/div>\n\t\t\t\t\t<\/div>\n\t\t<\/section>\n\t\t\t\t<section class=\"elementor-section elementor-top-section elementor-element elementor-element-e5c4caa elementor-section-boxed elementor-section-height-default elementor-section-height-default\" data-id=\"e5c4caa\" data-element_type=\"section\">\n\t\t\t\t\t\t<div class=\"elementor-container elementor-column-gap-default\">\n\t\t\t\t\t<div class=\"elementor-column elementor-col-100 elementor-top-column elementor-element elementor-element-8996729\" data-id=\"8996729\" data-element_type=\"column\">\n\t\t\t<div class=\"elementor-widget-wrap elementor-element-populated\">\n\t\t\t\t\t\t<div class=\"elementor-element elementor-element-849a8fd elementor-widget elementor-widget-text-editor\" data-id=\"849a8fd\" data-element_type=\"widget\" data-widget_type=\"text-editor.default\">\n\t\t\t\t<div class=\"elementor-widget-container\">\n\t\t\t\t\t\t\t<p><span style=\"color: #000000;\">Pour tous renseignements,<\/span><a style=\"background-color: #ffffff; color: #000000;\" href=\"https:\/\/www.cannier-truffes.fr\/?page_id=34\" target=\"_blank\" rel=\"noopener noreferrer\"><span style=\"font-weight: bold;\">contactez nous<\/span><\/a><span style=\"color: #000000;\">, nous sommes \u00e0 votre disposition pour vous proposer un programme sur mesure<\/span><\/p>\t\t\t\t\t\t<\/div>\n\t\t\t\t<\/div>\n\t\t\t\t\t<\/div>\n\t\t<\/div>\n\t\t\t\t\t<\/div>\n\t\t<\/section>\n\t\t\t\t<\/div>\n\t\t","protected":false},"excerpt":{"rendered":"<p>Afin de vous permettre de d\u00e9couvrir les tr\u00e9sors du Diamant noir nous vous accueillons sur le Domaine pour vous initier aux myst\u00e8res de la truffe. Nous vous proposons plusieurs formules au choix Pour tous renseignements,contactez nous, nous sommes \u00e0 votre disposition pour vous proposer un programme sur mesure<\/p>\n","protected":false},"author":1,"featured_media":0,"parent":0,"menu_order":0,"comment_status":"closed","ping_status":"closed","template":"","meta":{"footnotes":""},"class_list":["post-31","page","type-page","status-publish","hentry"],"_links":{"self":[{"href":"https:\/\/www.cannier-truffes.fr\/index.php?rest_route=\/wp\/v2\/pages\/31","targetHints":{"allow":["GET"]}}],"collection":[{"href":"https:\/\/www.cannier-truffes.fr\/index.php?rest_route=\/wp\/v2\/pages"}],"about":[{"href":"https:\/\/www.cannier-truffes.fr\/index.php?rest_route=\/wp\/v2\/types\/page"}],"author":[{"embeddable":true,"href":"https:\/\/www.cannier-truffes.fr\/index.php?rest_route=\/wp\/v2\/users\/1"}],"replies":[{"embeddable":true,"href":"https:\/\/www.cannier-truffes.fr\/index.php?rest_route=%2Fwp%2Fv2%2Fcomments&post=31"}],"version-history":[{"count":6,"href":"https:\/\/www.cannier-truffes.fr\/index.php?rest_route=\/wp\/v2\/pages\/31\/revisions"}],"predecessor-version":[{"id":300,"href":"https:\/\/www.cannier-truffes.fr\/index.php?rest_route=\/wp\/v2\/pages\/31\/revisions\/300"}],"wp:attachment":[{"href":"https:\/\/www.cannier-truffes.fr\/index.php?rest_route=%2Fwp%2Fv2%2Fmedia&parent=31"}],"curies":[{"name":"wp","href":"https:\/\/api.w.org\/{rel}","templated":true}]}}