{"id":19,"date":"2020-07-06T19:32:41","date_gmt":"2020-07-06T17:32:41","guid":{"rendered":"http:\/\/cannier-truffes.fr\/cms\/?page_id=19"},"modified":"2020-07-06T19:32:41","modified_gmt":"2020-07-06T17:32:41","slug":"les-nouvelles-plantations","status":"publish","type":"page","link":"https:\/\/www.cannier-truffes.fr\/?page_id=19","title":{"rendered":"Les nouvelles plantations"},"content":{"rendered":"\t\t<div data-elementor-type=\"wp-page\" data-elementor-id=\"19\" class=\"elementor elementor-19\">\n\t\t\t\t\t\t<section class=\"elementor-section elementor-top-section elementor-element elementor-element-7ef908e9 elementor-section-boxed elementor-section-height-default elementor-section-height-default\" data-id=\"7ef908e9\" data-element_type=\"section\">\n\t\t\t\t\t\t<div class=\"elementor-container elementor-column-gap-default\">\n\t\t\t\t\t<div class=\"elementor-column elementor-col-100 elementor-top-column elementor-element elementor-element-1a649902\" data-id=\"1a649902\" data-element_type=\"column\">\n\t\t\t<div class=\"elementor-widget-wrap elementor-element-populated\">\n\t\t\t\t\t\t<div class=\"elementor-element elementor-element-4d07cdbf elementor-widget elementor-widget-text-editor\" data-id=\"4d07cdbf\" data-element_type=\"widget\" data-widget_type=\"text-editor.default\">\n\t\t\t\t<div class=\"elementor-widget-container\">\n\t\t\t\t\t\t\t<p><!-- wp:paragraph --><\/p>\n<p style=\"text-align: justify;\"><span class=\"has-inline-color\" style=\"color: #000000;\">Afin de nous d\u00e9velopper nous avons entrepris en 2005 de planter de nouvelles parcelles.<\/span><\/p>\n<p style=\"text-align: justify;\"><!-- \/wp:paragraph --><!-- wp:paragraph --><\/p>\n<p style=\"text-align: justify;\"><span class=\"has-inline-color\" style=\"color: #000000;\">Les plantations suivent des r\u00e8gles bien pr\u00e9cises .<\/span><\/p>\n<p style=\"text-align: justify;\"><!-- \/wp:paragraph --><!-- wp:paragraph --><\/p>\n<p style=\"text-align: justify;\"><span class=\"has-inline-color\" style=\"color: #000000;\">Tout commence par une analyse de sol pour \u00e9valuer le potentiel trufficole de la zone \u00e0 planter, en effet il n&rsquo;est par rare de voir des sols \u00e0 la composition tr\u00e8s diff\u00e9rente sur quelques dizaines de m\u00e8tres !!!!<\/span><\/p>\n<p style=\"text-align: justify;\"><!-- \/wp:paragraph --><!-- wp:paragraph --><\/p>\n<p style=\"text-align: justify;\"><span class=\"has-inline-color\" style=\"color: #000000;\">Il faut ensuite nettoyer le sol et le sous sol de tous les comp\u00e9titeurs potentiels de la truffe :<\/span><\/p>\n<p style=\"text-align: justify;\"><!-- \/wp:paragraph --><!-- wp:paragraph --><\/p>\n<p style=\"text-align: justify;\"><span class=\"has-inline-color\" style=\"color: #000000;\">Racines , plantes non favorables, et essayer de favoriser le retour d&rsquo;une activit\u00e9 biologique<\/span><\/p>\n<p style=\"text-align: justify;\"><!-- \/wp:paragraph --><!-- wp:paragraph --><\/p>\n<p style=\"text-align: justify;\">\u00a0<\/p>\n<p><!-- \/wp:paragraph --><\/p>\t\t\t\t\t\t<\/div>\n\t\t\t\t<\/div>\n\t\t\t\t\t<\/div>\n\t\t<\/div>\n\t\t\t\t\t<\/div>\n\t\t<\/section>\n\t\t\t\t<section class=\"elementor-section elementor-top-section elementor-element elementor-element-457a1fa elementor-section-boxed elementor-section-height-default elementor-section-height-default\" data-id=\"457a1fa\" data-element_type=\"section\">\n\t\t\t\t\t\t<div class=\"elementor-container elementor-column-gap-default\">\n\t\t\t\t\t<div class=\"elementor-column elementor-col-100 elementor-top-column elementor-element elementor-element-fc3a5e0\" data-id=\"fc3a5e0\" data-element_type=\"column\">\n\t\t\t<div class=\"elementor-widget-wrap elementor-element-populated\">\n\t\t\t\t\t\t<div class=\"elementor-element elementor-element-9873b24 elementor-widget elementor-widget-image-gallery\" data-id=\"9873b24\" data-element_type=\"widget\" data-widget_type=\"image-gallery.default\">\n\t\t\t\t<div class=\"elementor-widget-container\">\n\t\t\t\t\t<div class=\"elementor-image-gallery\">\n\t\t\t\t\t<\/div>\n\t\t\t\t<\/div>\n\t\t\t\t<\/div>\n\t\t\t\t\t<\/div>\n\t\t<\/div>\n\t\t\t\t\t<\/div>\n\t\t<\/section>\n\t\t\t\t<section class=\"elementor-section elementor-top-section elementor-element elementor-element-b244370 elementor-section-boxed elementor-section-height-default elementor-section-height-default\" data-id=\"b244370\" data-element_type=\"section\">\n\t\t\t\t\t\t<div class=\"elementor-container elementor-column-gap-default\">\n\t\t\t\t\t<div class=\"elementor-column elementor-col-100 elementor-top-column elementor-element elementor-element-5a0a4f8\" data-id=\"5a0a4f8\" data-element_type=\"column\">\n\t\t\t<div class=\"elementor-widget-wrap elementor-element-populated\">\n\t\t\t\t\t\t<div class=\"elementor-element elementor-element-5bf0136 elementor-widget elementor-widget-image-gallery\" data-id=\"5bf0136\" data-element_type=\"widget\" data-widget_type=\"image-gallery.default\">\n\t\t\t\t<div class=\"elementor-widget-container\">\n\t\t\t\t\t<div class=\"elementor-image-gallery\">\n\t\t\t\t\t<\/div>\n\t\t\t\t<\/div>\n\t\t\t\t<\/div>\n\t\t\t\t\t<\/div>\n\t\t<\/div>\n\t\t\t\t\t<\/div>\n\t\t<\/section>\n\t\t\t\t<section class=\"elementor-section elementor-top-section elementor-element elementor-element-0469d87 elementor-section-boxed elementor-section-height-default elementor-section-height-default\" data-id=\"0469d87\" data-element_type=\"section\">\n\t\t\t\t\t\t<div class=\"elementor-container elementor-column-gap-default\">\n\t\t\t\t\t<div class=\"elementor-column elementor-col-100 elementor-top-column elementor-element elementor-element-df3a93d\" data-id=\"df3a93d\" data-element_type=\"column\">\n\t\t\t<div class=\"elementor-widget-wrap elementor-element-populated\">\n\t\t\t\t\t\t<div class=\"elementor-element elementor-element-2da6c1e elementor-widget elementor-widget-text-editor\" data-id=\"2da6c1e\" data-element_type=\"widget\" data-widget_type=\"text-editor.default\">\n\t\t\t\t<div class=\"elementor-widget-container\">\n\t\t\t\t\t\t\t<p><span class=\"has-inline-color\" style=\"color: #000000;\">Beaucoup de soins et d&rsquo;attentions vont \u00eatre ensuite n\u00e9cessaires pour esp\u00e9rer que quelque uns des arbres plant\u00e9s rentrent un jour en production.<\/span><\/p>\t\t\t\t\t\t<\/div>\n\t\t\t\t<\/div>\n\t\t\t\t\t<\/div>\n\t\t<\/div>\n\t\t\t\t\t<\/div>\n\t\t<\/section>\n\t\t\t\t<section class=\"elementor-section elementor-top-section elementor-element elementor-element-3a9717d elementor-section-boxed elementor-section-height-default elementor-section-height-default\" data-id=\"3a9717d\" data-element_type=\"section\">\n\t\t\t\t\t\t<div class=\"elementor-container elementor-column-gap-default\">\n\t\t\t\t\t<div class=\"elementor-column elementor-col-100 elementor-top-column elementor-element elementor-element-7674a6d\" data-id=\"7674a6d\" data-element_type=\"column\">\n\t\t\t<div class=\"elementor-widget-wrap elementor-element-populated\">\n\t\t\t\t\t\t<div class=\"elementor-element elementor-element-103630b elementor-widget elementor-widget-image-gallery\" data-id=\"103630b\" data-element_type=\"widget\" data-widget_type=\"image-gallery.default\">\n\t\t\t\t<div class=\"elementor-widget-container\">\n\t\t\t\t\t<div class=\"elementor-image-gallery\">\n\t\t\t<div id='gallery-3' class='gallery galleryid-19 gallery-columns-2 gallery-size-medium'><figure class='gallery-item'>\n\t\t\t<div class='gallery-icon landscape'>\n\t\t\t\t<a data-elementor-open-lightbox=\"yes\" data-elementor-lightbox-slideshow=\"103630b\" data-elementor-lightbox-title=\"P1040229-150x150\" data-e-action-hash=\"#elementor-action%3Aaction%3Dlightbox%26settings%3DeyJpZCI6MjcyLCJ1cmwiOiJodHRwczpcL1wvd3d3LmNhbm5pZXItdHJ1ZmZlcy5mclwvd3AtY29udGVudFwvdXBsb2Fkc1wvMjAyM1wvMTJcL1AxMDQwMjI5LTE1MHgxNTAtMS5qcGciLCJzbGlkZXNob3ciOiIxMDM2MzBiIn0%3D\" href='https:\/\/www.cannier-truffes.fr\/wp-content\/uploads\/2023\/12\/P1040229-150x150-1.jpg'><img decoding=\"async\" width=\"150\" height=\"150\" src=\"https:\/\/www.cannier-truffes.fr\/wp-content\/uploads\/2023\/12\/P1040229-150x150-1.jpg\" class=\"attachment-medium size-medium\" alt=\"\" srcset=\"https:\/\/www.cannier-truffes.fr\/wp-content\/uploads\/2023\/12\/P1040229-150x150-1.jpg 150w, https:\/\/www.cannier-truffes.fr\/wp-content\/uploads\/2023\/12\/P1040229-150x150-1-100x100.jpg 100w\" sizes=\"100vw\" \/><\/a>\n\t\t\t<\/div><\/figure>\n\t\t<\/div>\n\t\t<\/div>\n\t\t\t\t<\/div>\n\t\t\t\t<\/div>\n\t\t\t\t\t<\/div>\n\t\t<\/div>\n\t\t\t\t\t<\/div>\n\t\t<\/section>\n\t\t\t\t<\/div>\n\t\t","protected":false},"excerpt":{"rendered":"<p>Afin de nous d\u00e9velopper nous avons entrepris en 2005 de planter de nouvelles parcelles. Les plantations suivent des r\u00e8gles bien pr\u00e9cises . Tout commence par une analyse de sol pour \u00e9valuer le potentiel trufficole de la zone \u00e0 planter, en effet il n&rsquo;est par rare de voir des sols \u00e0 la composition tr\u00e8s diff\u00e9rente sur &hellip; <\/p>\n<p class=\"link-more\"><a href=\"https:\/\/www.cannier-truffes.fr\/?page_id=19\" class=\"more-link\">Continuer la lecture<span class=\"screen-reader-text\"> de &laquo;&nbsp;Les nouvelles plantations&nbsp;&raquo;<\/span><\/a><\/p>\n","protected":false},"author":1,"featured_media":0,"parent":0,"menu_order":0,"comment_status":"closed","ping_status":"closed","template":"","meta":{"footnotes":""},"class_list":["post-19","page","type-page","status-publish","hentry"],"_links":{"self":[{"href":"https:\/\/www.cannier-truffes.fr\/index.php?rest_route=\/wp\/v2\/pages\/19","targetHints":{"allow":["GET"]}}],"collection":[{"href":"https:\/\/www.cannier-truffes.fr\/index.php?rest_route=\/wp\/v2\/pages"}],"about":[{"href":"https:\/\/www.cannier-truffes.fr\/index.php?rest_route=\/wp\/v2\/types\/page"}],"author":[{"embeddable":true,"href":"https:\/\/www.cannier-truffes.fr\/index.php?rest_route=\/wp\/v2\/users\/1"}],"replies":[{"embeddable":true,"href":"https:\/\/www.cannier-truffes.fr\/index.php?rest_route=%2Fwp%2Fv2%2Fcomments&post=19"}],"version-history":[{"count":0,"href":"https:\/\/www.cannier-truffes.fr\/index.php?rest_route=\/wp\/v2\/pages\/19\/revisions"}],"wp:attachment":[{"href":"https:\/\/www.cannier-truffes.fr\/index.php?rest_route=%2Fwp%2Fv2%2Fmedia&parent=19"}],"curies":[{"name":"wp","href":"https:\/\/api.w.org\/{rel}","templated":true}]}}